{"id":1074,"date":"2020-10-11T17:47:51","date_gmt":"2020-10-11T15:47:51","guid":{"rendered":"http:\/\/web1.kallisthos.com\/product\/carrara\/"},"modified":"2020-10-11T17:47:51","modified_gmt":"2020-10-11T15:47:51","slug":"carrara","status":"publish","type":"product","link":"https:\/\/kallisthos.com\/en\/product\/carrara\/","title":{"rendered":"Carrara"},"content":{"rendered":"<p>Selbstverst\u00e4ndlich haben wir auch Carrara Marmor im Sortiment. Wir bieten Statuario, Venato und verwandte Sorten direkt aus dem Steinbruch mit Verarbeitung in der dazugeh\u00f6rigen Fabrik. Die Farbgebung reicht von nahezu reinwei\u00dfer Erscheinung mit wenigen Adern bis hin zu einem dunklen Grau. Die Abstimmung erfolgt nat\u00fcrlich entsprechend Ihrer Bed\u00fcrfnisse.<\/p>\n","protected":false},"excerpt":{"rendered":"<p>Selbstverst\u00e4ndlich haben wir auch Carrara Marmor im Sortiment. Wir bieten Statuario, Venato und verwandte Sorten direkt aus dem Steinbruch mit Verarbeitung in der dazugeh\u00f6rigen Fabrik. Die Farbgebung reicht von nahezu reinwei\u00dfer Erscheinung mit wenigen Adern bis hin zu einem dunklen Grau. Die Abstimmung erfolgt nat\u00fcrlich entsprechend Ihrer Bed\u00fcrfnisse.<\/p>\n","protected":false},"featured_media":784,"template":"","meta":[],"_links":{"self":[{"href":"https:\/\/kallisthos.com\/en\/wp-json\/wp\/v2\/product\/1074"}],"collection":[{"href":"https:\/\/kallisthos.com\/en\/wp-json\/wp\/v2\/product"}],"about":[{"href":"https:\/\/kallisthos.com\/en\/wp-json\/wp\/v2\/types\/product"}],"wp:featuredmedia":[{"embeddable":true,"href":"https:\/\/kallisthos.com\/en\/wp-json\/wp\/v2\/media\/784"}],"wp:attachment":[{"href":"https:\/\/kallisthos.com\/en\/wp-json\/wp\/v2\/media?parent=1074"}],"curies":[{"name":"wp","href":"https:\/\/api.w.org\/{rel}","templated":true}]}}